{"id":665,"date":"2023-05-20T06:12:25","date_gmt":"2023-05-20T06:12:25","guid":{"rendered":"https:\/\/rahulr.com\/treesistance\/?page_id=665"},"modified":"2023-06-08T13:48:25","modified_gmt":"2023-06-08T13:48:25","slug":"maro-territory","status":"publish","type":"page","link":"https:\/\/rahulr.com\/treesistance\/pt\/maro-territory\/","title":{"rendered":"Maro Territory"},"content":{"rendered":"<div data-elementor-type=\"wp-page\" data-elementor-id=\"665\" class=\"elementor elementor-665\">\n\t\t\t\t\t\t\t\t\t<section class=\"elementor-section elementor-top-section elementor-element elementor-element-17fdc96 elementor-section-height-min-height elementor-section-full_width elementor-section-stretched header-large elementor-section-height-default elementor-section-items-middle\" data-id=\"17fdc96\" data-element_type=\"section\" data-settings=\"{&quot;background_background&quot;:&quot;classic&quot;,&quot;stretch_section&quot;:&quot;section-stretched&quot;}\" data-e-bg-lazyload=\"\">\n\t\t\t\t\t\t<div class=\"elementor-container elementor-column-gap-default\">\n\t\t\t\t\t<div class=\"elementor-column elementor-col-100 elementor-top-column elementor-element elementor-element-2955154\" data-id=\"2955154\" data-element_type=\"column\">\n\t\t\t<div class=\"elementor-widget-wrap elementor-element-populated\">\n\t\t\t\t\t\t\t\t<div class=\"elementor-element elementor-element-796d24c elementor-widget elementor-widget-heading\" data-id=\"796d24c\" data-element_type=\"widget\" data-widget_type=\"heading.default\">\n\t\t\t\t<div class=\"elementor-widget-container\">\n\t\t\t<style>\/*! elementor - v3.13.3 - 28-05-2023 *\/\n.elementor-heading-title{padding:0;margin:0;line-height:1}.elementor-widget-heading .elementor-heading-title[class*=elementor-size-]>a{color:inherit;font-size:inherit;line-height:inherit}.elementor-widget-heading .elementor-heading-title.elementor-size-small{font-size:15px}.elementor-widget-heading .elementor-heading-title.elementor-size-medium{font-size:19px}.elementor-widget-heading .elementor-heading-title.elementor-size-large{font-size:29px}.elementor-widget-heading .elementor-heading-title.elementor-size-xl{font-size:39px}.elementor-widget-heading .elementor-heading-title.elementor-size-xxl{font-size:59px}<\/style><h2 class=\"elementor-heading-title elementor-size-default\">Maro Territory<\/h2>\t\t<\/div>\n\t\t\t\t<\/div>\n\t\t\t\t\t<\/div>\n\t\t<\/div>\n\t\t\t\t\t\t\t<\/div>\n\t\t<\/section>\n\t\t\t\t<section class=\"elementor-section elementor-top-section elementor-element elementor-element-1cba101 elementor-section-full_width elementor-section-stretched elementor-section-height-default elementor-section-height-default\" data-id=\"1cba101\" data-element_type=\"section\" data-settings=\"{&quot;stretch_section&quot;:&quot;section-stretched&quot;}\">\n\t\t\t\t\t\t<div class=\"elementor-container elementor-column-gap-default\">\n\t\t\t\t\t<div class=\"elementor-column elementor-col-100 elementor-top-column elementor-element elementor-element-c558182\" data-id=\"c558182\" data-element_type=\"column\">\n\t\t\t<div class=\"elementor-widget-wrap elementor-element-populated\">\n\t\t\t\t\t\t\t\t<section class=\"elementor-section elementor-inner-section elementor-element elementor-element-37b0acb elementor-section-boxed elementor-section-height-default elementor-section-height-default\" data-id=\"37b0acb\" data-element_type=\"section\">\n\t\t\t\t\t\t<div class=\"elementor-container elementor-column-gap-default\">\n\t\t\t\t\t<div class=\"elementor-column elementor-col-25 elementor-inner-column elementor-element elementor-element-1adcc3f\" data-id=\"1adcc3f\" data-element_type=\"column\">\n\t\t\t<div class=\"elementor-widget-wrap elementor-element-populated\">\n\t\t\t\t\t\t\t\t<div class=\"elementor-element elementor-element-b2b42f9 elementor-widget elementor-widget-heading\" data-id=\"b2b42f9\" data-element_type=\"widget\" data-widget_type=\"heading.default\">\n\t\t\t\t<div class=\"elementor-widget-container\">\n\t\t\t<h2 class=\"elementor-heading-title elementor-size-default\">420Km<sup>2<\/sup>  Floresta Prim\u00e1ria<\/h2>\t\t<\/div>\n\t\t\t\t<\/div>\n\t\t\t\t\t<\/div>\n\t\t<\/div>\n\t\t\t\t<div class=\"elementor-column elementor-col-25 elementor-inner-column elementor-element elementor-element-5c3f3f9\" data-id=\"5c3f3f9\" data-element_type=\"column\">\n\t\t\t<div class=\"elementor-widget-wrap elementor-element-populated\">\n\t\t\t\t\t\t\t\t<div class=\"elementor-element elementor-element-f3c1aba elementor-widget elementor-widget-heading\" data-id=\"f3c1aba\" data-element_type=\"widget\" data-widget_type=\"heading.default\">\n\t\t\t\t<div class=\"elementor-widget-container\">\n\t\t\t<h2 class=\"elementor-heading-title elementor-size-default\">3 Aldeias<\/h2>\t\t<\/div>\n\t\t\t\t<\/div>\n\t\t\t\t\t<\/div>\n\t\t<\/div>\n\t\t\t\t<div class=\"elementor-column elementor-col-25 elementor-inner-column elementor-element elementor-element-0961fad\" data-id=\"0961fad\" data-element_type=\"column\">\n\t\t\t<div class=\"elementor-widget-wrap elementor-element-populated\">\n\t\t\t\t\t\t\t\t<div class=\"elementor-element elementor-element-de61c68 elementor-widget elementor-widget-heading\" data-id=\"de61c68\" data-element_type=\"widget\" data-widget_type=\"heading.default\">\n\t\t\t\t<div class=\"elementor-widget-container\">\n\t\t\t<h2 class=\"elementor-heading-title elementor-size-default\">4 Comunidades<\/h2>\t\t<\/div>\n\t\t\t\t<\/div>\n\t\t\t\t\t<\/div>\n\t\t<\/div>\n\t\t\t\t<div class=\"elementor-column elementor-col-25 elementor-inner-column elementor-element elementor-element-f60345a\" data-id=\"f60345a\" data-element_type=\"column\">\n\t\t\t<div class=\"elementor-widget-wrap elementor-element-populated\">\n\t\t\t\t\t\t\t\t<div class=\"elementor-element elementor-element-b0583b7 elementor-widget elementor-widget-heading\" data-id=\"b0583b7\" data-element_type=\"widget\" data-widget_type=\"heading.default\">\n\t\t\t\t<div class=\"elementor-widget-container\">\n\t\t\t<h2 class=\"elementor-heading-title elementor-size-default\">2 Grupos Ind\u00edgenas\nArapiuns &amp; Borari<\/h2>\t\t<\/div>\n\t\t\t\t<\/div>\n\t\t\t\t\t<\/div>\n\t\t<\/div>\n\t\t\t\t\t\t\t<\/div>\n\t\t<\/section>\n\t\t\t\t<section class=\"elementor-section elementor-inner-section elementor-element elementor-element-ab7b2fe elementor-section-boxed elementor-section-height-default elementor-section-height-default\" data-id=\"ab7b2fe\" data-element_type=\"section\">\n\t\t\t\t\t\t<div class=\"elementor-container elementor-column-gap-default\">\n\t\t\t\t\t<div class=\"elementor-column elementor-col-33 elementor-inner-column elementor-element elementor-element-78915b1\" data-id=\"78915b1\" data-element_type=\"column\">\n\t\t\t<div class=\"elementor-widget-wrap\">\n\t\t\t\t\t\t\t\t\t<\/div>\n\t\t<\/div>\n\t\t\t\t<div class=\"elementor-column elementor-col-33 elementor-inner-column elementor-element elementor-element-3e85861\" data-id=\"3e85861\" data-element_type=\"column\">\n\t\t\t<div class=\"elementor-widget-wrap elementor-element-populated\">\n\t\t\t\t\t\t\t\t<div class=\"elementor-element elementor-element-fc24dc9 e-transform elementor-widget elementor-widget-text-editor\" data-id=\"fc24dc9\" data-element_type=\"widget\" data-settings=\"{&quot;_transform_translateY_effect&quot;:{&quot;unit&quot;:&quot;px&quot;,&quot;size&quot;:-35,&quot;sizes&quot;:[]},&quot;_transform_translateY_effect_tablet&quot;:{&quot;unit&quot;:&quot;px&quot;,&quot;size&quot;:-60,&quot;sizes&quot;:[]},&quot;_transform_translateY_effect_mobile&quot;:{&quot;unit&quot;:&quot;px&quot;,&quot;size&quot;:0,&quot;sizes&quot;:[]},&quot;_transform_translateX_effect_mobile&quot;:{&quot;unit&quot;:&quot;px&quot;,&quot;size&quot;:0,&quot;sizes&quot;:[]},&quot;_transform_translateX_effect&quot;:{&quot;unit&quot;:&quot;px&quot;,&quot;size&quot;:&quot;&quot;,&quot;sizes&quot;:[]},&quot;_transform_translateX_effect_tablet&quot;:{&quot;unit&quot;:&quot;px&quot;,&quot;size&quot;:&quot;&quot;,&quot;sizes&quot;:[]}}\" data-widget_type=\"text-editor.default\">\n\t\t\t\t<div class=\"elementor-widget-container\">\n\t\t\t<style>\/*! elementor - v3.13.3 - 28-05-2023 *\/\n.elementor-widget-text-editor.elementor-drop-cap-view-stacked .elementor-drop-cap{background-color:#69727d;color:#fff}.elementor-widget-text-editor.elementor-drop-cap-view-framed .elementor-drop-cap{color:#69727d;border:3px solid;background-color:transparent}.elementor-widget-text-editor:not(.elementor-drop-cap-view-default) .elementor-drop-cap{margin-top:8px}.elementor-widget-text-editor:not(.elementor-drop-cap-view-default) .elementor-drop-cap-letter{width:1em;height:1em}.elementor-widget-text-editor .elementor-drop-cap{float:left;text-align:center;line-height:1;font-size:50px}.elementor-widget-text-editor .elementor-drop-cap-letter{display:inline-block}<\/style>\t\t\t\t<p>Status \u2013 For\u00e7as Florestais de Territ\u00f3rio Ind\u00edgena Reconhecido estabelecidas desde 2014<\/p>\t\t\t\t\t\t<\/div>\n\t\t\t\t<\/div>\n\t\t\t\t\t<\/div>\n\t\t<\/div>\n\t\t\t\t<div class=\"elementor-column elementor-col-33 elementor-inner-column elementor-element elementor-element-f912438\" data-id=\"f912438\" data-element_type=\"column\">\n\t\t\t<div class=\"elementor-widget-wrap\">\n\t\t\t\t\t\t\t\t\t<\/div>\n\t\t<\/div>\n\t\t\t\t\t\t\t<\/div>\n\t\t<\/section>\n\t\t\t\t\t<\/div>\n\t\t<\/div>\n\t\t\t\t\t\t\t<\/div>\n\t\t<\/section>\n\t\t\t\t<section class=\"elementor-section elementor-top-section elementor-element elementor-element-1ab0008 elementor-section-content-middle elementor-section-boxed elementor-section-height-default elementor-section-height-default\" data-id=\"1ab0008\" data-element_type=\"section\">\n\t\t\t\t\t\t<div class=\"elementor-container elementor-column-gap-no\">\n\t\t\t\t\t<div class=\"elementor-column elementor-col-50 elementor-top-column elementor-element elementor-element-370ad33\" data-id=\"370ad33\" data-element_type=\"column\">\n\t\t\t<div class=\"elementor-widget-wrap elementor-element-populated\">\n\t\t\t\t\t\t\t\t<div class=\"elementor-element elementor-element-aa72780 elementor-widget elementor-widget-heading\" data-id=\"aa72780\" data-element_type=\"widget\" data-widget_type=\"heading.default\">\n\t\t\t\t<div class=\"elementor-widget-container\">\n\t\t\t<h2 class=\"elementor-heading-title elementor-size-default\">Comunidades ind\u00edgenas Borar\u00ed e Arapiun na Terra Ind\u00edgena Mar\u00f3 (TI Mar\u00f3)<\/h2>\t\t<\/div>\n\t\t\t\t<\/div>\n\t\t\t\t\t<\/div>\n\t\t<\/div>\n\t\t\t\t<div class=\"elementor-column elementor-col-50 elementor-top-column elementor-element elementor-element-0e11984\" data-id=\"0e11984\" data-element_type=\"column\">\n\t\t\t<div class=\"elementor-widget-wrap elementor-element-populated\">\n\t\t\t\t\t\t\t\t<div class=\"elementor-element elementor-element-47403df elementor-widget elementor-widget-text-editor\" data-id=\"47403df\" data-element_type=\"widget\" data-widget_type=\"text-editor.default\">\n\t\t\t\t<div class=\"elementor-widget-container\">\n\t\t\t\t\t\t\t<p>O grupo ind\u00edgena Borar\u00ed chegou recentemente a esse territ\u00f3rio remoto, no qual os Arapiun viviam h\u00e1 s\u00e9culos. Eles fugiam da pobreza de Alter do Ch\u00e3o, terra predominantemente borar\u00ed, a cerca de 30 quil\u00f4metros a oeste de Santar\u00e9m, capital do Baixo Tapaj\u00f3s, no Par\u00e1. Seguiram pelo rio Arapiuns at\u00e9 suas cabeceiras e, de l\u00e1, seguiram o curso do pequeno rio Mar\u00f3, que d\u00e1 nome ao territ\u00f3rio. O grupo \u00e9 bem pequeno, cerca de 300 pessoas espalhadas por 3 aldeias: Novo Lugar, Cachoeira do Mar\u00f3 e S\u00e3o Jos\u00e9. Mas o territ\u00f3rio \u00e9 grande: cerca de 42 mil hectares de floresta prim\u00e1ria \u2013 ou seja, floresta amaz\u00f4nica intacta, nunca derrubada.<br \/>A Terra Ind\u00edgena Mar\u00f3, diz Dad\u00e1, al\u00e9m de prover sustento, abriga lugares sagrados, fontes de \u00e1gua doce (conhecidas como igarap\u00e9s) que desembocam no rio Mar\u00f3, ervas e plantas medicinais e, sobretudo, \u00e9 o local onde mora o Curupira.<\/p><p>O conceito de Curupira pode ser traduzido como \"o esp\u00edrito protetor da selva\" - embora seu significado para os nativos seja muito mais profundo e enigm\u00e1tico. Como uma entidade sagrada, seus poderes m\u00e1gicos acabam determinando o que acaba acontecendo com aqueles que entram na selva. A miss\u00e3o que os povos ind\u00edgenas t\u00eam \u00e9 respeitar e proteger a selva e, ao faz\u00ea-lo, eles se respeitam e se protegem.<\/p><p>Para um observador inexperiente, toda a floresta amaz\u00f4nica pode parecer igual, mas h\u00e1 uma diferen\u00e7a fundamental entre uma floresta virgem como esta e uma floresta que foi explorada.<\/p><p>Na primeira fase da explora\u00e7\u00e3o madeireira, as \u00e1rvores que det\u00eam a madeira tropical mais valiosa \u2013 cotada nos mercados internacionais \u2013 s\u00e3o derrubadas. A segunda fase consiste na explora\u00e7\u00e3o da madeira remanescente. E a terceira e \u00faltima fase \u00e9 a elimina\u00e7\u00e3o total da vegeta\u00e7\u00e3o, geralmente para fins relacionados \u00e0 agricultura industrial ou pecu\u00e1ria extensiva. Mesmo que seja poss\u00edvel que a selva possa recuperar no devido tempo o espa\u00e7o que foi destru\u00eddo, a biodiversidade original \u00e9 extinta para sempre e o carbono armazenado liberado.<\/p>\t\t\t\t\t\t<\/div>\n\t\t\t\t<\/div>\n\t\t\t\t\t<\/div>\n\t\t<\/div>\n\t\t\t\t\t\t\t<\/div>\n\t\t<\/section>\n\t\t\t\t<section class=\"elementor-section elementor-top-section elementor-element elementor-element-98b273c elementor-section-content-middle elementor-reverse-mobile elementor-section-boxed elementor-section-height-default elementor-section-height-default\" data-id=\"98b273c\" data-element_type=\"section\">\n\t\t\t\t\t\t<div class=\"elementor-container elementor-column-gap-default\">\n\t\t\t\t\t<div class=\"elementor-column elementor-col-50 elementor-top-column elementor-element elementor-element-7e3e0d7\" data-id=\"7e3e0d7\" data-element_type=\"column\">\n\t\t\t<div class=\"elementor-widget-wrap elementor-element-populated\">\n\t\t\t\t\t\t\t\t<div class=\"elementor-element elementor-element-96f2155 elementor-widget elementor-widget-text-editor\" data-id=\"96f2155\" data-element_type=\"widget\" data-widget_type=\"text-editor.default\">\n\t\t\t\t<div class=\"elementor-widget-container\">\n\t\t\t\t\t\t\t<p>The Borari\u0301 Indigenous group came only recently to this remote territory, in which the Arapiun had been living for centuries. They were fleeing poverty from Alter do Chao, a predominantly Borari\u0301 land, about 30 kilometers to the west of Santare\u0301m, the capital city of the Lower Tapajo\u0301s, in the Brazilian Para\u0301. They went along the Arapiuns River right up to its headwaters and, from there, they followed the course of the small Maro\u0301 River, which gives the territory its name.<br \/>The group is rather small, about 300 people spread over 3 villages: Novo Lugar, Cachoeira do Maro\u0301, and Sao Jose\u0301. But the territory is large: some 42.000 hectares of primary forest &#8211; that is, intact, never cut-down Amazonian forest.<br \/>A Terra Ind\u00edgena Mar\u00f3, diz Dad\u00e1, al\u00e9m de prover sustento, abriga lugares sagrados, fontes de \u00e1gua doce (conhecidas como igarap\u00e9s) que desembocam no rio Mar\u00f3, ervas e plantas medicinais e, sobretudo, \u00e9 o local onde mora o Curupira.<\/p><p>O conceito de Curupira pode ser traduzido como \"o esp\u00edrito protetor da selva\" - embora seu significado para os nativos seja muito mais profundo e enigm\u00e1tico. Como uma entidade sagrada, seus poderes m\u00e1gicos acabam determinando o que acaba acontecendo com aqueles que entram na selva. A miss\u00e3o que os povos ind\u00edgenas t\u00eam \u00e9 respeitar e proteger a selva e, ao faz\u00ea-lo, eles se respeitam e se protegem.<\/p>\t\t\t\t\t\t<\/div>\n\t\t\t\t<\/div>\n\t\t\t\t\t<\/div>\n\t\t<\/div>\n\t\t\t\t<div class=\"elementor-column elementor-col-50 elementor-top-column elementor-element elementor-element-6eed668\" data-id=\"6eed668\" data-element_type=\"column\">\n\t\t\t<div class=\"elementor-widget-wrap elementor-element-populated\">\n\t\t\t\t\t\t\t\t<div class=\"elementor-element elementor-element-57f3af6 elementor-widget elementor-widget-heading\" data-id=\"57f3af6\" data-element_type=\"widget\" data-widget_type=\"heading.default\">\n\t\t\t\t<div class=\"elementor-widget-container\">\n\t\t\t<h2 class=\"elementor-heading-title elementor-size-default\">Desafios e Realidades<\/h2>\t\t<\/div>\n\t\t\t\t<\/div>\n\t\t\t\t\t<\/div>\n\t\t<\/div>\n\t\t\t\t\t\t\t<\/div>\n\t\t<\/section>\n\t\t\t\t<section class=\"elementor-section elementor-top-section elementor-element elementor-element-6c469f8 elementor-hidden-desktop elementor-hidden-tablet elementor-hidden-mobile elementor-section-boxed elementor-section-height-default elementor-section-height-default\" data-id=\"6c469f8\" data-element_type=\"section\">\n\t\t\t\t\t\t<div class=\"elementor-container elementor-column-gap-default\">\n\t\t\t\t\t<div class=\"elementor-column elementor-col-25 elementor-top-column elementor-element elementor-element-b92d42b\" data-id=\"b92d42b\" data-element_type=\"column\" data-settings=\"{&quot;background_background&quot;:&quot;classic&quot;}\">\n\t\t\t<div class=\"elementor-widget-wrap elementor-element-populated\">\n\t\t\t\t\t\t\t\t<div class=\"elementor-element elementor-element-95f8c7e elementor-align-justify elementor-widget elementor-widget-button\" data-id=\"95f8c7e\" data-element_type=\"widget\" data-widget_type=\"button.default\">\n\t\t\t\t<div class=\"elementor-widget-container\">\n\t\t\t\t\t<div class=\"elementor-button-wrapper\">\n\t\t\t<a href=\"https:\/\/rahulr.com\/treesistance\/pt\/maro-territory\/\" class=\"elementor-button-link elementor-button elementor-size-sm\" role=\"button\">\n\t\t\t\t\t\t<span class=\"elementor-button-content-wrapper\">\n\t\t\t\t\t\t<span class=\"elementor-button-text\">MARO TERRITORY<\/span>\n\t\t<\/span>\n\t\t\t\t\t<\/a>\n\t\t<\/div>\n\t\t\t\t<\/div>\n\t\t\t\t<\/div>\n\t\t\t\t\t<\/div>\n\t\t<\/div>\n\t\t\t\t<div class=\"elementor-column elementor-col-25 elementor-top-column elementor-element elementor-element-3dc50ce\" data-id=\"3dc50ce\" data-element_type=\"column\" data-settings=\"{&quot;background_background&quot;:&quot;classic&quot;}\">\n\t\t\t<div class=\"elementor-widget-wrap elementor-element-populated\">\n\t\t\t\t\t\t\t\t<div class=\"elementor-element elementor-element-0a9f5b3 elementor-align-justify elementor-widget elementor-widget-button\" data-id=\"0a9f5b3\" data-element_type=\"widget\" data-widget_type=\"button.default\">\n\t\t\t\t<div class=\"elementor-widget-container\">\n\t\t\t\t\t<div class=\"elementor-button-wrapper\">\n\t\t\t<a class=\"elementor-button elementor-size-sm\" role=\"button\">\n\t\t\t\t\t\t<span class=\"elementor-button-content-wrapper\">\n\t\t\t\t\t\t<span class=\"elementor-button-text\">CALCUA TERRITORY<\/span>\n\t\t<\/span>\n\t\t\t\t\t<\/a>\n\t\t<\/div>\n\t\t\t\t<\/div>\n\t\t\t\t<\/div>\n\t\t\t\t\t<\/div>\n\t\t<\/div>\n\t\t\t\t<div class=\"elementor-column elementor-col-25 elementor-top-column elementor-element elementor-element-fd327d6\" data-id=\"fd327d6\" data-element_type=\"column\" data-settings=\"{&quot;background_background&quot;:&quot;classic&quot;}\">\n\t\t\t<div class=\"elementor-widget-wrap\">\n\t\t\t\t\t\t\t\t\t<\/div>\n\t\t<\/div>\n\t\t\t\t<div class=\"elementor-column elementor-col-25 elementor-top-column elementor-element elementor-element-f330b2b\" data-id=\"f330b2b\" data-element_type=\"column\" data-settings=\"{&quot;background_background&quot;:&quot;classic&quot;}\">\n\t\t\t<div class=\"elementor-widget-wrap\">\n\t\t\t\t\t\t\t\t\t<\/div>\n\t\t<\/div>\n\t\t\t\t\t\t\t<\/div>\n\t\t<\/section>\n\t\t\t\t\t\t\t<\/div>","protected":false},"excerpt":{"rendered":"<p>Maro Territory 420Km2 Primary Rainforest 3 Villages 4 Communities 2 Indigenous Groups Arapiuns &#038; Borari Status &#8211; Recognised Indigenous Territory Forest Forces established since 2014 Borari\u0301 and Arapiun Indigenous communities in Maro\u0301 Indigenous Land (TI Maro\u0301) The Borari\u0301 Indigenous group came only recently to this remote territory, in which the Arapiun had been living for [&hellip;]<\/p>","protected":false},"author":1,"featured_media":0,"parent":0,"menu_order":0,"comment_status":"closed","ping_status":"closed","template":"elementor_header_footer","meta":{"inline_featured_image":false,"footnotes":""},"class_list":["post-665","page","type-page","status-publish","hentry"],"_links":{"self":[{"href":"https:\/\/rahulr.com\/treesistance\/pt\/wp-json\/wp\/v2\/pages\/665","targetHints":{"allow":["GET"]}}],"collection":[{"href":"https:\/\/rahulr.com\/treesistance\/pt\/wp-json\/wp\/v2\/pages"}],"about":[{"href":"https:\/\/rahulr.com\/treesistance\/pt\/wp-json\/wp\/v2\/types\/page"}],"author":[{"embeddable":true,"href":"https:\/\/rahulr.com\/treesistance\/pt\/wp-json\/wp\/v2\/users\/1"}],"replies":[{"embeddable":true,"href":"https:\/\/rahulr.com\/treesistance\/pt\/wp-json\/wp\/v2\/comments?post=665"}],"version-history":[{"count":118,"href":"https:\/\/rahulr.com\/treesistance\/pt\/wp-json\/wp\/v2\/pages\/665\/revisions"}],"predecessor-version":[{"id":3742,"href":"https:\/\/rahulr.com\/treesistance\/pt\/wp-json\/wp\/v2\/pages\/665\/revisions\/3742"}],"wp:attachment":[{"href":"https:\/\/rahulr.com\/treesistance\/pt\/wp-json\/wp\/v2\/media?parent=665"}],"curies":[{"name":"wp","href":"https:\/\/api.w.org\/{rel}","templated":true}]}}